{"id":579,"date":"2017-04-06T16:24:31","date_gmt":"2017-04-06T20:24:31","guid":{"rendered":"https:\/\/www.hvsa.ca\/?page_id=579\/"},"modified":"2022-06-07T16:22:16","modified_gmt":"2022-06-07T20:22:16","slug":"contact","status":"publish","type":"page","link":"https:\/\/www.hvsa.ca\/en\/contact\/","title":{"rendered":"CONTACT"},"content":{"rendered":"<p>[et_pb_section fb_built=&#8221;1&#8243; fullwidth=&#8221;on&#8221; custom_padding_last_edited=&#8221;on|desktop&#8221; admin_label=&#8221;Section&#8221; _builder_version=&#8221;3.22&#8243; custom_padding_tablet=&#8221;50px|0|50px|0&#8243; custom_padding_phone=&#8221;&#8221; transparent_background=&#8221;off&#8221; padding_mobile=&#8221;off&#8221; make_fullwidth=&#8221;off&#8221; use_custom_width=&#8221;off&#8221; width_unit=&#8221;off&#8221; custom_width_px=&#8221;1080px&#8221; custom_width_percent=&#8221;80%&#8221; global_colors_info=&#8221;{}&#8221;][et_pb_fullwidth_slider admin_label=&#8221;Curseur de d\u00e9filement plein \u00e9cran&#8221; module_class=&#8221;homeslider&#8221; _builder_version=&#8221;4.11.2&#8243; header_font_size=&#8221;44px&#8221; custom_padding=&#8221;|||&#8221; custom_padding_tablet=&#8221;|||&#8221; custom_padding_phone=&#8221;|||&#8221; auto=&#8221;on&#8221; auto_ignore_hover=&#8221;on&#8221; header_font_size_tablet=&#8221;36px&#8221; header_font_size_phone=&#8221;32px&#8221; header_font_size_last_edited=&#8221;on|phone&#8221; remove_inner_shadow=&#8221;on&#8221; hide_content_on_mobile=&#8221;off&#8221; hide_cta_on_mobile=&#8221;off&#8221; show_inner_shadow=&#8221;off&#8221; button_letter_spacing_hover=&#8221;0&#8243; global_colors_info=&#8221;{}&#8221; button_text_size__hover_enabled=&#8221;off&#8221; button_one_text_size__hover_enabled=&#8221;off&#8221; button_two_text_size__hover_enabled=&#8221;off&#8221; button_text_color__hover_enabled=&#8221;off&#8221; button_one_text_color__hover_enabled=&#8221;off&#8221; button_two_text_color__hover_enabled=&#8221;off&#8221; button_border_width__hover_enabled=&#8221;off&#8221; button_one_border_width__hover_enabled=&#8221;off&#8221; button_two_border_width__hover_enabled=&#8221;off&#8221; button_border_color__hover_enabled=&#8221;off&#8221; button_one_border_color__hover_enabled=&#8221;off&#8221; button_two_border_color__hover_enabled=&#8221;off&#8221; button_border_radius__hover_enabled=&#8221;off&#8221; button_one_border_radius__hover_enabled=&#8221;off&#8221; button_two_border_radius__hover_enabled=&#8221;off&#8221; button_letter_spacing__hover_enabled=&#8221;on&#8221; button_letter_spacing__hover=&#8221;0&#8243; button_one_letter_spacing__hover_enabled=&#8221;off&#8221; button_two_letter_spacing__hover_enabled=&#8221;off&#8221; button_bg_color__hover_enabled=&#8221;off&#8221; button_one_bg_color__hover_enabled=&#8221;off&#8221; button_two_bg_color__hover_enabled=&#8221;off&#8221;][et_pb_slide heading=&#8221;Book an appointment&#8221; button_text=&#8221;(819) 326-6062&#8243; button_link=&#8221;tel:819-326-6062&#8243; use_bg_overlay=&#8221;on&#8221; bg_overlay_color=&#8221;rgba(0,0,0,0.2)&#8221; use_text_overlay=&#8221;off&#8221; _builder_version=&#8221;4.11.2&#8243; header_font=&#8221;||||&#8221; body_font=&#8221;||||&#8221; background_color=&#8221;#ffffff&#8221; use_background_color_gradient=&#8221;on&#8221; background_color_gradient_start=&#8221;#000000&#8243; background_color_gradient_end=&#8221;rgba(0,0,0,0)&#8221; background_color_gradient_end_position=&#8221;30%&#8221; background_image=&#8221;https:\/\/www.hvsa.ca\/wp-content\/uploads\/2021\/07\/HASV-copie.jpg&#8221; background_enable_image=&#8221;on&#8221; background_blend=&#8221;multiply&#8221; button_icon_placement=&#8221;right&#8221; button_on_hover=&#8221;on&#8221; link_option_url=&#8221;tel: 819-326-6062&#8243; global_colors_info=&#8221;{}&#8221; button_text_size__hover_enabled=&#8221;off&#8221; button_one_text_size__hover_enabled=&#8221;off&#8221; button_two_text_size__hover_enabled=&#8221;off&#8221; button_text_color__hover_enabled=&#8221;off&#8221; button_one_text_color__hover_enabled=&#8221;off&#8221; button_two_text_color__hover_enabled=&#8221;off&#8221; button_border_width__hover_enabled=&#8221;off&#8221; button_one_border_width__hover_enabled=&#8221;off&#8221; button_two_border_width__hover_enabled=&#8221;off&#8221; button_border_color__hover_enabled=&#8221;off&#8221; button_one_border_color__hover_enabled=&#8221;off&#8221; button_two_border_color__hover_enabled=&#8221;off&#8221; button_border_radius__hover_enabled=&#8221;off&#8221; button_one_border_radius__hover_enabled=&#8221;off&#8221; button_two_border_radius__hover_enabled=&#8221;off&#8221; button_letter_spacing__hover_enabled=&#8221;off&#8221; button_one_letter_spacing__hover_enabled=&#8221;off&#8221; button_two_letter_spacing__hover_enabled=&#8221;off&#8221; button_bg_color__hover_enabled=&#8221;off&#8221; button_one_bg_color__hover_enabled=&#8221;off&#8221; button_two_bg_color__hover_enabled=&#8221;off&#8221; sticky_transition=&#8221;on&#8221;][\/et_pb_slide][\/et_pb_fullwidth_slider][\/et_pb_section][et_pb_section fb_built=&#8221;1&#8243; admin_label=&#8221;Section&#8221; _builder_version=&#8221;3.22&#8243; background_color=&#8221;#10636a&#8221; custom_padding=&#8221;0px|0px|0px|0px&#8221; custom_padding_tablet=&#8221;0px|0px|0px|0px&#8221; transparent_background=&#8221;off&#8221; padding_mobile=&#8221;on&#8221; make_fullwidth=&#8221;off&#8221; use_custom_width=&#8221;off&#8221; width_unit=&#8221;on&#8221; custom_width_px=&#8221;1080px&#8221; custom_width_percent=&#8221;80%&#8221; global_colors_info=&#8221;{}&#8221;][et_pb_row padding_mobile=&#8221;off&#8221; column_padding_mobile=&#8221;on&#8221; admin_label=&#8221;Ligne&#8221; _builder_version=&#8221;3.25&#8243; background_size=&#8221;initial&#8221; background_position=&#8221;top_left&#8221; background_repeat=&#8221;repeat&#8221; make_fullwidth=&#8221;off&#8221; use_custom_width=&#8221;off&#8221; width_unit=&#8221;off&#8221; custom_width_px=&#8221;1080px&#8221; custom_width_percent=&#8221;80%&#8221; global_colors_info=&#8221;{}&#8221;][et_pb_column type=&#8221;4_4&#8243; _builder_version=&#8221;3.25&#8243; custom_padding=&#8221;|||&#8221; global_colors_info=&#8221;{}&#8221; custom_padding__hover=&#8221;|||&#8221;][et_pb_text admin_label=&#8221;Texte&#8221; _builder_version=&#8221;3.27.4&#8243; background_size=&#8221;initial&#8221; background_position=&#8221;top_left&#8221; background_repeat=&#8221;repeat&#8221; text_orientation=&#8221;center&#8221; background_layout=&#8221;dark&#8221; module_alignment=&#8221;center&#8221; use_border_color=&#8221;off&#8221; border_style=&#8221;solid&#8221; global_colors_info=&#8221;{}&#8221;]<\/p>\n<h1>FIND US<\/h1>\n<p>[\/et_pb_text][\/et_pb_column][\/et_pb_row][\/et_pb_section][et_pb_section fb_built=&#8221;1&#8243; custom_padding_last_edited=&#8221;on|phone&#8221; admin_label=&#8221;section&#8221; _builder_version=&#8221;3.22&#8243; custom_padding=&#8221;20px|0px|40px|0px&#8221; custom_padding_tablet=&#8221;30px|0px|30px|0px&#8221; custom_padding_phone=&#8221;&#8221; transparent_background=&#8221;off&#8221; padding_mobile=&#8221;on&#8221; make_fullwidth=&#8221;off&#8221; use_custom_width=&#8221;off&#8221; width_unit=&#8221;on&#8221; global_colors_info=&#8221;{}&#8221;][et_pb_row use_custom_gutter=&#8221;on&#8221; padding_mobile=&#8221;on&#8221; make_equal=&#8221;on&#8221; column_padding_mobile=&#8221;on&#8221; custom_padding_last_edited=&#8221;off|desktop&#8221; admin_label=&#8221;row&#8221; module_class=&#8221; et_pb_row_fullwidth&#8221; _builder_version=&#8221;3.25&#8243; background_size=&#8221;initial&#8221; background_position=&#8221;top_left&#8221; background_repeat=&#8221;repeat&#8221; width=&#8221;94%&#8221; width_tablet=&#8221;80%&#8221; width_phone=&#8221;&#8221; width_last_edited=&#8221;on|desktop&#8221; max_width=&#8221;94%&#8221; max_width_tablet=&#8221;80%&#8221; max_width_phone=&#8221;&#8221; max_width_last_edited=&#8221;on|desktop&#8221; make_fullwidth=&#8221;on&#8221; use_custom_width=&#8221;off&#8221; width_unit=&#8221;on&#8221; custom_width_px=&#8221;925px&#8221; global_colors_info=&#8221;{}&#8221;][et_pb_column type=&#8221;4_4&#8243; _builder_version=&#8221;3.25&#8243; background_color=&#8221;#d8e2c3&#8243; custom_padding=&#8221;|||&#8221; global_colors_info=&#8221;{}&#8221; custom_padding__hover=&#8221;|||&#8221;][et_pb_map address=&#8221;228 Rue Principale E, Sainte-Agathe-des-Monts, QC J8C 2X7, Canada&#8221; zoom_level=&#8221;16&#8243; address_lat=&#8221;46.04485072420913&#8243; address_lng=&#8221;-74.27491647088623&#8243; admin_label=&#8221;Carte&#8221; _builder_version=&#8221;3.0.91&#8243; global_colors_info=&#8221;{}&#8221;][et_pb_map_pin title=&#8221;H\u00f4pital v\u00e9t\u00e9rinaire Sainte-Agathe&#8221; pin_address=&#8221;228 Rue Principale E, Sainte-Agathe-des-Monts, QC J8C 2X7, Canada&#8221; pin_address_lat=&#8221;46.045372&#8243; pin_address_lng=&#8221;-74.27667600000001&#8243; _builder_version=&#8221;3.0.47&#8243; global_colors_info=&#8221;{}&#8221;]<\/p>\n<p class=\"p1\"><span class=\"s1\">228, rue Principale est (Route 117)<\/span><span class=\"s2\"><br \/>\n<\/span><span class=\"s1\">Sainte-Agathe-des-Monts<\/span><span class=\"s2\"><br \/>\n<\/span><span class=\"s1\">J8C 1K6<\/span><\/p>\n<p class=\"p1\"><span class=\"s1\">Horaire sur rendez-vous<\/span><span class=\"s2\"><br \/>\n<\/span><span class=\"s1\">Du lundi au vendredi de 8h \u00e0 19h et le samedi de 8h \u00e0 12h<\/span><\/p>\n<p class=\"p2\"><span class=\"s2\">Service d\u2019urgence 24 heures en collaboration\u00a0avec le <a href=\"http:\/\/www.cvlaval.com\/\" target=\"_blank\" rel=\"noopener\"><span class=\"s3\">CVL de Laval<\/span><\/a><\/span><\/p>\n<p>[\/et_pb_map_pin][\/et_pb_map][\/et_pb_column][\/et_pb_row][et_pb_row padding_mobile=&#8221;on&#8221; column_padding_mobile=&#8221;on&#8221; custom_padding_last_edited=&#8221;on|phone&#8221; admin_label=&#8221;Ligne&#8221; module_class=&#8221; et_pb_row_fullwidth&#8221; _builder_version=&#8221;3.25&#8243; background_color=&#8221;#78a22f&#8221; background_size=&#8221;initial&#8221; background_position=&#8221;top_left&#8221; background_repeat=&#8221;repeat&#8221; width=&#8221;94%&#8221; width_tablet=&#8221;80%&#8221; width_phone=&#8221;&#8221; width_last_edited=&#8221;on|desktop&#8221; max_width=&#8221;94%&#8221; max_width_tablet=&#8221;80%&#8221; max_width_phone=&#8221;&#8221; max_width_last_edited=&#8221;on|desktop&#8221; custom_padding=&#8221;10px|0px|10px|0px&#8221; custom_padding_tablet=&#8221;10px|0px|0px|0px&#8221; custom_padding_phone=&#8221;&#8221; make_fullwidth=&#8221;on&#8221; use_custom_width=&#8221;off&#8221; width_unit=&#8221;on&#8221; global_colors_info=&#8221;{}&#8221;][et_pb_column type=&#8221;4_4&#8243; _builder_version=&#8221;3.25&#8243; custom_padding=&#8221;|||&#8221; custom_padding_tablet=&#8221;&#8221; custom_padding_phone=&#8221;&#8221; custom_padding_last_edited=&#8221;on|desktop&#8221; global_colors_info=&#8221;{}&#8221; custom_padding__hover=&#8221;|||&#8221;][et_pb_button button_url=&#8221;https:\/\/www.facebook.com\/hvsag&#8221; url_new_window=&#8221;on&#8221; button_text=&#8221;FOLLOW US ON FACEBOOK!&#8221; button_alignment=&#8221;center&#8221; admin_label=&#8221;Bouton&#8221; _builder_version=&#8221;4.11.2&#8243; custom_button=&#8221;on&#8221; button_text_color=&#8221;#ffffff&#8221; button_bg_color=&#8221;#78a22f&#8221; button_border_width=&#8221;0&#8243; button_border_radius=&#8221;0&#8243; button_icon=&#8221;%%337%%&#8221; button_icon_placement=&#8221;left&#8221; button_on_hover=&#8221;off&#8221; background_layout=&#8221;dark&#8221; hover_enabled=&#8221;0&#8243; button_letter_spacing_hover=&#8221;0&#8243; global_colors_info=&#8221;{}&#8221; button_text_size__hover_enabled=&#8221;off&#8221; button_one_text_size__hover_enabled=&#8221;off&#8221; button_two_text_size__hover_enabled=&#8221;off&#8221; button_text_color__hover_enabled=&#8221;off&#8221; button_one_text_color__hover_enabled=&#8221;off&#8221; button_two_text_color__hover_enabled=&#8221;off&#8221; button_border_width__hover_enabled=&#8221;off&#8221; button_one_border_width__hover_enabled=&#8221;off&#8221; button_two_border_width__hover_enabled=&#8221;off&#8221; button_border_color__hover_enabled=&#8221;off&#8221; button_one_border_color__hover_enabled=&#8221;off&#8221; button_two_border_color__hover_enabled=&#8221;off&#8221; button_border_radius__hover_enabled=&#8221;off&#8221; button_one_border_radius__hover_enabled=&#8221;off&#8221; button_two_border_radius__hover_enabled=&#8221;off&#8221; button_letter_spacing__hover_enabled=&#8221;on&#8221; button_letter_spacing__hover=&#8221;0&#8243; button_one_letter_spacing__hover_enabled=&#8221;off&#8221; button_two_letter_spacing__hover_enabled=&#8221;off&#8221; button_bg_color__hover_enabled=&#8221;off&#8221; button_one_bg_color__hover_enabled=&#8221;off&#8221; button_two_bg_color__hover_enabled=&#8221;off&#8221; sticky_enabled=&#8221;0&#8243;] [\/et_pb_button][\/et_pb_column][\/et_pb_row][\/et_pb_section][et_pb_section fb_built=&#8221;1&#8243; _builder_version=&#8221;4.11.2&#8243; _module_preset=&#8221;default&#8221; background_color=&#8221;#10636A&#8221; custom_padding=&#8221;25px||25px||false|false&#8221; global_module=&#8221;1690&#8243; global_colors_info=&#8221;{}&#8221;][et_pb_row column_structure=&#8221;1_4,1_4,1_4,1_4&#8243; _builder_version=&#8221;4.11.2&#8243; _module_preset=&#8221;default&#8221; global_colors_info=&#8221;{}&#8221;][et_pb_column type=&#8221;1_4&#8243; _builder_version=&#8221;4.11.2&#8243; _module_preset=&#8221;default&#8221; global_colors_info=&#8221;{}&#8221;][et_pb_text _builder_version=&#8221;4.11.2&#8243; _module_preset=&#8221;default&#8221; text_text_color=&#8221;#FFFFFF&#8221; text_font_size=&#8221;15px&#8221; header_2_font_size=&#8221;28px&#8221; hover_enabled=&#8221;0&#8243; global_colors_info=&#8221;{}&#8221; sticky_enabled=&#8221;0&#8243;]<\/p>\n<h2>Contact information<\/h2>\n<p>Phone: 819-326-6062<br \/>\nToll Free: 888-695-9095<br \/>\nFax: 819-326-2230<br \/>\n<a href=\"mailto:info@hvsa.ca\">info@hvsa.ca<\/a><br \/>\n228, rue Principale est (Route 117)<br \/>\nSainte-Agathe-des-Monts, J8C 1K6[\/et_pb_text][\/et_pb_column][et_pb_column type=&#8221;1_4&#8243; _builder_version=&#8221;4.11.2&#8243; _module_preset=&#8221;default&#8221; global_colors_info=&#8221;{}&#8221;][et_pb_text _builder_version=&#8221;4.11.2&#8243; _module_preset=&#8221;default&#8221; text_text_color=&#8221;#FFFFFF&#8221; text_font_size=&#8221;15px&#8221; header_2_font_size=&#8221;28px&#8221; global_colors_info=&#8221;{}&#8221;]<\/p>\n<h2>Schedule<\/h2>\n<p>Monday to Friday: 8am to 6pm<br \/>Saturday: 8am to 12pm<br \/>24-hour emergency service in\u00a0collaboration with the CVL of Laval<\/p>\n<p>[\/et_pb_text][\/et_pb_column][et_pb_column type=&#8221;1_4&#8243; _builder_version=&#8221;4.11.2&#8243; _module_preset=&#8221;default&#8221; global_colors_info=&#8221;{}&#8221;][et_pb_button button_url=&#8221;https:\/\/www.mavitrineveterinaire.ca\/hvsa&#8221; url_new_window=&#8221;on&#8221; button_text=&#8221;SHOP ONLINE&#8221; _builder_version=&#8221;4.11.2&#8243; _module_preset=&#8221;default&#8221; custom_button=&#8221;on&#8221; button_text_size=&#8221;18px&#8221; button_border_width=&#8221;0px&#8221; button_font=&#8221;||||||||&#8221; button_icon=&#8221;%%242%%&#8221; button_icon_color=&#8221;#FFFFFF&#8221; global_colors_info=&#8221;{}&#8221;][\/et_pb_button][et_pb_button url_new_window=&#8221;on&#8221; button_text=&#8221;TELEMEDICINE (SOON)&#8221; _builder_version=&#8221;4.11.2&#8243; _module_preset=&#8221;default&#8221; custom_button=&#8221;on&#8221; button_text_size=&#8221;18px&#8221; button_border_width=&#8221;0px&#8221; button_font=&#8221;||||||||&#8221; button_icon=&#8221;%%107%%&#8221; button_icon_color=&#8221;#FFFFFF&#8221; global_colors_info=&#8221;{}&#8221;][\/et_pb_button][et_pb_social_media_follow _builder_version=&#8221;4.11.2&#8243; _module_preset=&#8221;default&#8221; global_colors_info=&#8221;{}&#8221;][et_pb_social_media_follow_network social_network=&#8221;facebook&#8221; url=&#8221;https:\/\/www.facebook.com\/hvsag&#8221; _builder_version=&#8221;4.11.2&#8243; _module_preset=&#8221;default&#8221; background_color=&#8221;#78A22F&#8221; background_enable_color=&#8221;on&#8221; custom_button=&#8221;on&#8221; button_text_size=&#8221;1px&#8221; button_text_color=&#8221;#FFFFFF&#8221; button_bg_color=&#8221;#78A22F&#8221; global_colors_info=&#8221;{}&#8221; follow_button=&#8221;off&#8221; url_new_window=&#8221;on&#8221;]facebook[\/et_pb_social_media_follow_network][\/et_pb_social_media_follow][\/et_pb_column][et_pb_column type=&#8221;1_4&#8243; _builder_version=&#8221;4.11.2&#8243; _module_preset=&#8221;default&#8221; global_colors_info=&#8221;{}&#8221;][et_pb_text _builder_version=&#8221;4.11.2&#8243; _module_preset=&#8221;default&#8221; global_colors_info=&#8221;{}&#8221;]<a href=\"https:\/\/www.aaha.org\" target=\"_blank\" rel=\"noopener\"><img decoding=\"async\" src=\"https:\/\/www.hvsa.ca\/wp-content\/uploads\/2020\/01\/AAHA-Accredited.png\" width=\"130\" height=\"auto\" alt=\"\" class=\"wp-image-1057 aligncenter size-full\" style=\"float: left;\" srcset=\"https:\/\/www.hvsa.ca\/wp-content\/uploads\/2020\/01\/AAHA-Accredited.png 250w, https:\/\/www.hvsa.ca\/wp-content\/uploads\/2020\/01\/AAHA-Accredited-240x300.png 240w\" sizes=\"(max-width: 250px) 100vw, 250px\" \/><\/a>[\/et_pb_text][\/et_pb_column][\/et_pb_row][\/et_pb_section][et_pb_section fb_built=&#8221;1&#8243; _builder_version=&#8221;4.11.2&#8243; _module_preset=&#8221;default&#8221; background_color=&#8221;#081E22&#8243; custom_margin=&#8221;0px|0px|0px|0px|false|false&#8221; custom_padding=&#8221;0px|0px|0px|0px|false|false&#8221; global_module=&#8221;1691&#8243; global_colors_info=&#8221;{}&#8221;][et_pb_row _builder_version=&#8221;4.11.2&#8243; _module_preset=&#8221;default&#8221; global_colors_info=&#8221;{}&#8221;][et_pb_column type=&#8221;4_4&#8243; _builder_version=&#8221;4.11.2&#8243; _module_preset=&#8221;default&#8221; global_colors_info=&#8221;{}&#8221;][et_pb_text _builder_version=&#8221;4.11.2&#8243; _module_preset=&#8221;default&#8221; text_text_color=&#8221;#FFFFFF&#8221; text_font_size=&#8221;14px&#8221; global_colors_info=&#8221;{}&#8221;]<\/p>\n<p style=\"text-align: center;\"><span>\u00a9 H\u00f4pital v\u00e9t\u00e9rinaire Sainte-Agathe | Web Creation\u00a0<\/span><a href=\"http:\/\/www.metamorfic.ca\/\" target=\"_blank\" rel=\"noopener\">Metamorfic.ca<\/a><\/p>\n<p>[\/et_pb_text][\/et_pb_column][\/et_pb_row][\/et_pb_section]<\/p>\n","protected":false},"excerpt":{"rendered":"<p>FIND US228, rue Principale est (Route 117) Sainte-Agathe-des-Monts J8C 1K6 Horaire sur rendez-vous Du lundi au vendredi de 8h \u00e0 19h et le samedi de 8h \u00e0 12h Service d\u2019urgence 24 heures en collaboration\u00a0avec le CVL de Laval Contact information Phone: 819-326-6062 Toll Free: 888-695-9095 Fax: 819-326-2230 info@hvsa.ca 228, rue Principale est (Route 117) Sainte-Agathe-des-Monts, [&hellip;]<\/p>\n","protected":false},"author":2,"featured_media":0,"parent":0,"menu_order":0,"comment_status":"closed","ping_status":"closed","template":"","meta":{"_et_pb_use_builder":"on","_et_pb_old_content":"","_et_gb_content_width":"","inline_featured_image":false,"footnotes":""},"yoast_head":"<!-- This site is optimized with the Yoast SEO plugin v21.5 - https:\/\/yoast.com\/wordpress\/plugins\/seo\/ -->\n<title>Veterinary - H\u00f4pital v\u00e9t\u00e9rinaire Sainte-Agathe - Contact - 819-326-6062<\/title>\n<meta name=\"description\" content=\"To contact our veterinarians, 819-326-6062. Sainte-Agathe des Monts. 24 hours emergency services.\" \/>\n<meta name=\"robots\" content=\"index, follow, max-snippet:-1, max-image-preview:large, max-video-preview:-1\" \/>\n<link rel=\"canonical\" href=\"https:\/\/www.hvsa.ca\/en\/contact\/\" \/>\n<meta property=\"og:locale\" content=\"en_US\" \/>\n<meta property=\"og:type\" content=\"article\" \/>\n<meta property=\"og:title\" content=\"Veterinary - H\u00f4pital v\u00e9t\u00e9rinaire Sainte-Agathe - Contact - 819-326-6062\" \/>\n<meta property=\"og:description\" content=\"To contact our veterinarians, 819-326-6062. Sainte-Agathe des Monts. 24 hours emergency services.\" \/>\n<meta property=\"og:url\" content=\"https:\/\/www.hvsa.ca\/en\/contact\/\" \/>\n<meta property=\"og:site_name\" content=\"H\u00f4pital v\u00e9t\u00e9rinaire Sainte-Agathe\" \/>\n<meta property=\"article:publisher\" content=\"https:\/\/www.facebook.com\/hvsag\/\" \/>\n<meta property=\"article:modified_time\" content=\"2022-06-07T20:22:16+00:00\" \/>\n<meta property=\"og:image\" content=\"https:\/\/www.hvsa.ca\/wp-content\/uploads\/2021\/07\/HASV-copie.jpg\" \/>\n\t<meta property=\"og:image:width\" content=\"3687\" \/>\n\t<meta property=\"og:image:height\" content=\"1725\" \/>\n\t<meta property=\"og:image:type\" content=\"image\/jpeg\" \/>\n<meta name=\"twitter:card\" content=\"summary_large_image\" \/>\n<meta name=\"twitter:image\" content=\"https:\/\/www.hvsa.ca\/wp-content\/uploads\/2021\/07\/HASV-copie.jpg\" \/>\n<meta name=\"twitter:label1\" content=\"Est. reading time\" \/>\n\t<meta name=\"twitter:data1\" content=\"3 minutes\" \/>\n<script type=\"application\/ld+json\" class=\"yoast-schema-graph\">{\"@context\":\"https:\/\/schema.org\",\"@graph\":[{\"@type\":\"WebPage\",\"@id\":\"https:\/\/www.hvsa.ca\/en\/contact\/\",\"url\":\"https:\/\/www.hvsa.ca\/en\/contact\/\",\"name\":\"Veterinary - H\u00f4pital v\u00e9t\u00e9rinaire Sainte-Agathe - Contact - 819-326-6062\",\"isPartOf\":{\"@id\":\"https:\/\/www.hvsa.ca\/#website\"},\"datePublished\":\"2017-04-06T20:24:31+00:00\",\"dateModified\":\"2022-06-07T20:22:16+00:00\",\"description\":\"To contact our veterinarians, 819-326-6062. Sainte-Agathe des Monts. 24 hours emergency services.\",\"breadcrumb\":{\"@id\":\"https:\/\/www.hvsa.ca\/en\/contact\/#breadcrumb\"},\"inLanguage\":\"en-US\",\"potentialAction\":[{\"@type\":\"ReadAction\",\"target\":[\"https:\/\/www.hvsa.ca\/en\/contact\/\"]}]},{\"@type\":\"BreadcrumbList\",\"@id\":\"https:\/\/www.hvsa.ca\/en\/contact\/#breadcrumb\",\"itemListElement\":[{\"@type\":\"ListItem\",\"position\":1,\"name\":\"Home\",\"item\":\"https:\/\/www.hvsa.ca\/en\/\"},{\"@type\":\"ListItem\",\"position\":2,\"name\":\"CONTACT\"}]},{\"@type\":\"WebSite\",\"@id\":\"https:\/\/www.hvsa.ca\/#website\",\"url\":\"https:\/\/www.hvsa.ca\/\",\"name\":\"H\u00f4pital v\u00e9t\u00e9rinaire Sainte-Agathe\",\"description\":\"The best health care for your pets. Vaccination, examination, surgery, dental care, ultrasound, nutrition, emergency\",\"publisher\":{\"@id\":\"https:\/\/www.hvsa.ca\/#organization\"},\"potentialAction\":[{\"@type\":\"SearchAction\",\"target\":{\"@type\":\"EntryPoint\",\"urlTemplate\":\"https:\/\/www.hvsa.ca\/?s={search_term_string}\"},\"query-input\":\"required name=search_term_string\"}],\"inLanguage\":\"en-US\"},{\"@type\":\"Organization\",\"@id\":\"https:\/\/www.hvsa.ca\/#organization\",\"name\":\"H\u00f4pital v\u00e9t\u00e9rinaire Sainte-Agathe\",\"url\":\"https:\/\/www.hvsa.ca\/\",\"logo\":{\"@type\":\"ImageObject\",\"inLanguage\":\"en-US\",\"@id\":\"https:\/\/www.hvsa.ca\/#\/schema\/logo\/image\/\",\"url\":\"https:\/\/www.hvsa.ca\/wp-content\/uploads\/2016\/12\/HVSA-logo-web.jpg\",\"contentUrl\":\"https:\/\/www.hvsa.ca\/wp-content\/uploads\/2016\/12\/HVSA-logo-web.jpg\",\"width\":500,\"height\":377,\"caption\":\"H\u00f4pital v\u00e9t\u00e9rinaire Sainte-Agathe\"},\"image\":{\"@id\":\"https:\/\/www.hvsa.ca\/#\/schema\/logo\/image\/\"},\"sameAs\":[\"https:\/\/www.facebook.com\/hvsag\/\"]}]}<\/script>\n<!-- \/ Yoast SEO plugin. -->","yoast_head_json":{"title":"Veterinary - H\u00f4pital v\u00e9t\u00e9rinaire Sainte-Agathe - Contact - 819-326-6062","description":"To contact our veterinarians, 819-326-6062. Sainte-Agathe des Monts. 24 hours emergency services.","robots":{"index":"index","follow":"follow","max-snippet":"max-snippet:-1","max-image-preview":"max-image-preview:large","max-video-preview":"max-video-preview:-1"},"canonical":"https:\/\/www.hvsa.ca\/en\/contact\/","og_locale":"en_US","og_type":"article","og_title":"Veterinary - H\u00f4pital v\u00e9t\u00e9rinaire Sainte-Agathe - Contact - 819-326-6062","og_description":"To contact our veterinarians, 819-326-6062. Sainte-Agathe des Monts. 24 hours emergency services.","og_url":"https:\/\/www.hvsa.ca\/en\/contact\/","og_site_name":"H\u00f4pital v\u00e9t\u00e9rinaire Sainte-Agathe","article_publisher":"https:\/\/www.facebook.com\/hvsag\/","article_modified_time":"2022-06-07T20:22:16+00:00","og_image":[{"width":3687,"height":1725,"url":"https:\/\/www.hvsa.ca\/wp-content\/uploads\/2021\/07\/HASV-copie.jpg","type":"image\/jpeg"}],"twitter_card":"summary_large_image","twitter_image":"https:\/\/www.hvsa.ca\/wp-content\/uploads\/2021\/07\/HASV-copie.jpg","twitter_misc":{"Est. reading time":"3 minutes"},"schema":{"@context":"https:\/\/schema.org","@graph":[{"@type":"WebPage","@id":"https:\/\/www.hvsa.ca\/en\/contact\/","url":"https:\/\/www.hvsa.ca\/en\/contact\/","name":"Veterinary - H\u00f4pital v\u00e9t\u00e9rinaire Sainte-Agathe - Contact - 819-326-6062","isPartOf":{"@id":"https:\/\/www.hvsa.ca\/#website"},"datePublished":"2017-04-06T20:24:31+00:00","dateModified":"2022-06-07T20:22:16+00:00","description":"To contact our veterinarians, 819-326-6062. Sainte-Agathe des Monts. 24 hours emergency services.","breadcrumb":{"@id":"https:\/\/www.hvsa.ca\/en\/contact\/#breadcrumb"},"inLanguage":"en-US","potentialAction":[{"@type":"ReadAction","target":["https:\/\/www.hvsa.ca\/en\/contact\/"]}]},{"@type":"BreadcrumbList","@id":"https:\/\/www.hvsa.ca\/en\/contact\/#breadcrumb","itemListElement":[{"@type":"ListItem","position":1,"name":"Home","item":"https:\/\/www.hvsa.ca\/en\/"},{"@type":"ListItem","position":2,"name":"CONTACT"}]},{"@type":"WebSite","@id":"https:\/\/www.hvsa.ca\/#website","url":"https:\/\/www.hvsa.ca\/","name":"H\u00f4pital v\u00e9t\u00e9rinaire Sainte-Agathe","description":"The best health care for your pets. Vaccination, examination, surgery, dental care, ultrasound, nutrition, emergency","publisher":{"@id":"https:\/\/www.hvsa.ca\/#organization"},"potentialAction":[{"@type":"SearchAction","target":{"@type":"EntryPoint","urlTemplate":"https:\/\/www.hvsa.ca\/?s={search_term_string}"},"query-input":"required name=search_term_string"}],"inLanguage":"en-US"},{"@type":"Organization","@id":"https:\/\/www.hvsa.ca\/#organization","name":"H\u00f4pital v\u00e9t\u00e9rinaire Sainte-Agathe","url":"https:\/\/www.hvsa.ca\/","logo":{"@type":"ImageObject","inLanguage":"en-US","@id":"https:\/\/www.hvsa.ca\/#\/schema\/logo\/image\/","url":"https:\/\/www.hvsa.ca\/wp-content\/uploads\/2016\/12\/HVSA-logo-web.jpg","contentUrl":"https:\/\/www.hvsa.ca\/wp-content\/uploads\/2016\/12\/HVSA-logo-web.jpg","width":500,"height":377,"caption":"H\u00f4pital v\u00e9t\u00e9rinaire Sainte-Agathe"},"image":{"@id":"https:\/\/www.hvsa.ca\/#\/schema\/logo\/image\/"},"sameAs":["https:\/\/www.facebook.com\/hvsag\/"]}]}},"_links":{"self":[{"href":"https:\/\/www.hvsa.ca\/en\/wp-json\/wp\/v2\/pages\/579"}],"collection":[{"href":"https:\/\/www.hvsa.ca\/en\/wp-json\/wp\/v2\/pages"}],"about":[{"href":"https:\/\/www.hvsa.ca\/en\/wp-json\/wp\/v2\/types\/page"}],"author":[{"embeddable":true,"href":"https:\/\/www.hvsa.ca\/en\/wp-json\/wp\/v2\/users\/2"}],"replies":[{"embeddable":true,"href":"https:\/\/www.hvsa.ca\/en\/wp-json\/wp\/v2\/comments?post=579"}],"version-history":[{"count":14,"href":"https:\/\/www.hvsa.ca\/en\/wp-json\/wp\/v2\/pages\/579\/revisions"}],"predecessor-version":[{"id":2387,"href":"https:\/\/www.hvsa.ca\/en\/wp-json\/wp\/v2\/pages\/579\/revisions\/2387"}],"wp:attachment":[{"href":"https:\/\/www.hvsa.ca\/en\/wp-json\/wp\/v2\/media?parent=579"}],"curies":[{"name":"wp","href":"https:\/\/api.w.org\/{rel}","templated":true}]}}